{"id":12,"date":"2025-08-19T08:27:10","date_gmt":"2025-08-19T08:27:10","guid":{"rendered":"https:\/\/localhost\/wordpress\/?page_id=12"},"modified":"2025-11-04T12:23:06","modified_gmt":"2025-11-04T12:23:06","slug":"fees","status":"publish","type":"page","link":"https:\/\/confidopay.rekoswebs.eu\/fr\/fees\/","title":{"rendered":"Honoraires"},"content":{"rendered":"<h1 class=\"wp-block-heading has-text-align-center\">Une tarification qui vous donne la priorit\u00e9<\/h1>\n\n\n\n<p class=\"has-text-align-center\">Nous croyons en la transparence et l'\u00e9quit\u00e9. Notre tarification est con\u00e7ue pour vous donner la meilleure valeur tout en d\u00e9bloquant la v\u00e9ritable puissance de votre crypto.<\/p>\n\n\n\n<div class=\"wp-block-buttons is-content-justification-center is-layout-flex wp-container-core-buttons-is-layout-16018d1d wp-block-buttons-is-layout-flex\">\n<div class=\"wp-block-button\"><a class=\"wp-block-button__link wp-element-button\" href=\"\/fr\/contacts\/\">Obtenez votre carte<\/a><\/div>\n<\/div>\n\n\n\n\n\n\n<!-- cards_list -->\n<div id=\"cards-block_46ccb1d7295f6319015bfba6a26ce16d\" class=\"cards_list\">\n    <ul>\n                    <li>\n                <h2 title=\"Crypto\">Crypto<\/h2>                <p>Frais d'\u00e9change de crypto-monnaie<strong>0,1% + 1 EUR<\/strong><\/p>\n                <p>Crypto Withdrawal Fee*<strong>0,1% + 1 EUR<\/strong><\/p>\n                <p>Frais de d\u00e9p\u00f4t Crypto<strong>0,1% + 1 EUR<\/strong><\/p>                <footer>*This fee is in addition to the network-fee-based fee collected by Our third-party provider.<\/footer>            <\/li>\n                    <li>\n                <h2 title=\"Banque\">Banque<\/h2>                <p>Virement bancaire<strong>0,1% + 1 EUR<\/strong><\/p>\n                <p>Virement bancaire<strong>0,1% + 1 EUR<\/strong><\/p>\n                                            <\/li>\n                    <li>\n                <h2 title=\"Cartes\">Cartes<\/h2>                <p>Cr\u00e9ation de cartes physiques<strong>0 EUR<\/strong><\/p>\n                <p>Cr\u00e9ation de cartes virtuelles<strong>0 EUR<\/strong><\/p>\n                                            <\/li>\n            <\/ul>\n<\/div>\n<!-- \/cards_list -->\n\n\n\n\n\n\n<!-- faq_list -->\n<div id=\"faq-block_f93a4882f9c053f81d9bf76410eae61d\" class=\"faq_list\">\n    <header>\n        <h2 title=\"Foire aux questions (FAQ)\">Foire aux questions (FAQ)<\/h2>        <p>Nous comprenons que vous ayez des questions sur l'utilisation de notre carte de d\u00e9bit cryptographique innovante. Nous sommes l\u00e0 pour vous fournir des r\u00e9ponses claires, concises et fiables, bas\u00e9es sur nos processus op\u00e9rationnels et nos caract\u00e9ristiques.<\/p>\n    <\/header>\n    <dl>\n                        <dt><h3 class=\"is-style-alt\">Qu'est-ce que la carte Confidopay et comment fonctionne-t-elle ?<\/h3><div class=\"plusminus\"><\/div><\/dt>\n            <dd>\n<p>Confidopay est une solution de carte de d\u00e9bit crypto qui vous permet de convertir de mani\u00e8re transparente vos crypto-monnaies en monnaie fiduciaire pour vos d\u00e9penses quotidiennes. En utilisant des API avanc\u00e9es et des protocoles de transaction s\u00e9curis\u00e9s, notre plateforme facilite les conversions quasi-instantan\u00e9es au point de vente ou de retrait. Cela signifie que vous pouvez utiliser vos cryptoactifs comme des devises traditionnelles partout o\u00f9 les cartes de d\u00e9bit sont accept\u00e9es, dans le monde entier. Notre syst\u00e8me fonctionne sur un mod\u00e8le d'\u00e9change en temps r\u00e9el, vous assurant de recevoir la valeur actuelle du march\u00e9 pour vos conversions de crypto-monnaies, avec des frais transparents et minimes, tels que d\u00e9taill\u00e9s dans notre structure de frais.<\/p>\n<\/dd>\n                    <dt><h3 class=\"is-style-alt\">Mes transactions sont-elles s\u00e9curis\u00e9es avec Confidopay ?<\/h3><div class=\"plusminus\"><\/div><\/dt>\n            <dd>\n<p>Oui, la s\u00e9curit\u00e9 est notre principale pr\u00e9occupation. Nous utilisons des protocoles de cryptage et d'authentification multifactorielle de pointe pour prot\u00e9ger vos fonds et vos informations personnelles. Toutes les transactions sont trait\u00e9es par des syst\u00e8mes conformes \u00e0 la norme PCI DSS. En outre, nous assurons un suivi des transactions en temps r\u00e9el et des notifications instantan\u00e9es pour vous aider \u00e0 rester inform\u00e9 de l'activit\u00e9 de votre compte. Ce cadre de s\u00e9curit\u00e9 robuste est en place pour assurer la s\u00e9curit\u00e9 maximale de vos actifs num\u00e9riques et de vos interactions financi\u00e8res.<\/p>\n<\/dd>\n                    <dt><h3 class=\"is-style-alt\">Quels sont les frais li\u00e9s \u00e0 l'utilisation de la carte Confidopay ?<\/h3><div class=\"plusminus\"><\/div><\/dt>\n            <dd>\n<p>Nous sommes fiers de notre transparence. Notre structure de frais est con\u00e7ue pour \u00eatre simple et minimale, vous assurant de conserver la valeur maximale de vos actifs cryptographiques. Comme indiqu\u00e9, nous facturons des frais de 0,1% + 1 EUR pour les \u00e9changes de crypto-monnaies, les retraits, les d\u00e9p\u00f4ts et les transferts bancaires. Notamment, la cr\u00e9ation de cartes virtuelles et physiques est gratuite. Ces frais sont align\u00e9s sur les normes de l'industrie pour l'\u00e9change d'actifs num\u00e9riques et le traitement des transactions. Nous r\u00e9visons et optimisons continuellement notre structure de frais afin de proposer les tarifs les plus comp\u00e9titifs.<\/p>\n<\/dd>\n                    <dt><h3 class=\"is-style-alt\">Puis-je utiliser la carte Confidopay \u00e0 l'\u00e9tranger ?<\/h3><div class=\"plusminus\"><\/div><\/dt>\n            <dd>\n<p>Absolument. Notre carte est accept\u00e9e dans des millions d'endroits dans le monde o\u00f9 les cartes de d\u00e9bit sont accept\u00e9es. Cette acceptation mondiale est facilit\u00e9e par notre int\u00e9gration avec les principaux r\u00e9seaux de paiement. Que vous fassiez des achats en ligne, que vous alliez au restaurant ou que vous retiriez de l'argent \u00e0 un guichet automatique, vous pouvez compter sur Confidopay pour effectuer des transactions internationales en toute transparence.<\/p>\n<\/dd>\n                    <dt><h3 class=\"is-style-alt\">Comment choisir entre la carte virtuelle et la carte physique de Confidopay ?<\/h3><div class=\"plusminus\"><\/div><\/dt>\n            <dd>\n<p>Le choix d\u00e9pend de vos besoins et de vos pr\u00e9f\u00e9rences. Notre carte virtuelle est id\u00e9ale pour les achats en ligne et les transactions num\u00e9riques s\u00e9curis\u00e9es. Elle permet une activation instantan\u00e9e et une int\u00e9gration avec les portefeuilles num\u00e9riques tels que Google Wallet et Apple Wallet. La carte physique offre une plus grande polyvalence pour les d\u00e9penses quotidiennes, les retraits aux guichets automatiques et les paiements par tap-and-go, ainsi que l'int\u00e9gration des portefeuilles mobiles. Vous pouvez obtenir les deux cartes et les g\u00e9rer sur le m\u00eame compte pour b\u00e9n\u00e9ficier d'une grande souplesse en mati\u00e8re de d\u00e9penses.<\/p>\n<\/dd>\n                    <dt><h3 class=\"is-style-alt\">Dans quel d\u00e9lai puis-je acc\u00e9der \u00e0 ma carte et l'utiliser apr\u00e8s m'\u00eatre inscrit ?<\/h3><div class=\"plusminus\"><\/div><\/dt>\n            <dd>\n<p>Notre processus d'accueil est con\u00e7u pour \u00eatre rapide et efficace. Apr\u00e8s avoir enregistr\u00e9 et v\u00e9rifi\u00e9 votre compte, vous pouvez imm\u00e9diatement acc\u00e9der \u00e0 votre carte virtuelle et commencer \u00e0 l'utiliser. La carte physique peut \u00eatre command\u00e9e et sera livr\u00e9e selon les d\u00e9lais d'exp\u00e9dition standard. Notre plateforme facilite la liaison imm\u00e9diate de votre carte \u00e0 votre devise pr\u00e9f\u00e9r\u00e9e et \u00e0 vos portefeuilles cryptographiques, ce qui permet des transactions quasi instantan\u00e9es.<\/p>\n<\/dd>\n                    <dt><h3 class=\"is-style-alt\">Quelles sont les devises accept\u00e9es par la carte Confidopay ?<\/h3><div class=\"plusminus\"><\/div><\/dt>\n            <dd>\n<p>Confidopay prend actuellement en charge les crypto-monnaies suivantes : Bitcoin. Bitcoin sur le Lightning Network. Ethereum. USDC sur Ethereum (ERC20). USDC sur Polygon (ERC20). BNB sur BNB Smart Chain. Nous travaillons activement \u00e0 l'expansion des crypto-monnaies prises en charge afin d'offrir encore plus de flexibilit\u00e9 et de choix \u00e0 nos utilisateurs.<\/p>\n<\/dd>\n                    <dt><h3 class=\"is-style-alt\">Quels sont les pays qui peuvent utiliser la carte Confidopay ?<\/h3><div class=\"plusminus\"><\/div><\/dt>\n            <dd>\n<p>La carte Confidopay est actuellement disponible pour les r\u00e9sidents des pays suivants : Allemagne, Autriche, Belgique, Bulgarie, Croatie, R\u00e9publique de Chypre, Danemark, Espagne, Estonie, Finlande, France, Gr\u00e8ce, Hongrie, Irlande, Italie, Lettonie, Lituanie, Luxembourg, Malte, Pays-Bas, Pologne, Portugal, R\u00e9publique tch\u00e8que, Roumanie, Slovaquie, Slov\u00e9nie et Su\u00e8de. Nous travaillons activement \u00e0 \u00e9tendre notre disponibilit\u00e9 \u00e0 d'autres r\u00e9gions \u00e0 l'avenir.<\/p>\n<\/dd>\n                    <dt><h3 class=\"is-style-alt\">Quelles sont les limites de d\u00e9penses de la carte Confidopay ?<\/h3><div class=\"plusminus\"><\/div><\/dt>\n            <dd>\n<p>Pour le niveau Starter, les limites de d\u00e9penses sont de 7 500 \u20ac par jour et de 7 500 \u20ac par mois. Nous pouvons proposer diff\u00e9rents niveaux avec des limites variables en fonction de la v\u00e9rification et du statut du compte. Veuillez consulter les param\u00e8tres de votre compte ou contacter notre \u00e9quipe d'assistance pour obtenir des informations sur d'\u00e9ventuels ajustements de limites.<\/p>\n<\/dd>\n                    <dt><h3 class=\"is-style-alt\">Qui peut b\u00e9n\u00e9ficier de la carte Confidopay ?<\/h3><div class=\"plusminus\"><\/div><\/dt>\n            <dd>\n<p>Les personnes \u00e2g\u00e9es de 18 ans ou plus qui ont pass\u00e9 un processus de v\u00e9rification d'identit\u00e9, g\u00e9r\u00e9 par notre partenaire de carte, et qui r\u00e9sident dans les pays suivants peuvent demander la carte Confidopay : Allemagne, Autriche, Belgique, Bulgarie, Chypre, Croatie, Danemark, Espagne, Estonie, Finlande, France, Gr\u00e8ce, Hongrie, Irlande, Italie, Lettonie, Lituanie, Luxembourg, Malte, Pays-Bas, Pologne, Portugal, R\u00e9publique tch\u00e8que, Roumanie, Slovaquie, Slov\u00e9nie et Su\u00e8de. Pour des raisons r\u00e9glementaires, nous ne sommes actuellement pas en mesure d'offrir des services aux citoyens des \u00c9tats-Unis d'Am\u00e9rique et de la F\u00e9d\u00e9ration de Russie, quel que soit leur lieu de r\u00e9sidence. Toutefois, les citoyens de la F\u00e9d\u00e9ration de Russie qui poss\u00e8dent \u00e9galement la citoyennet\u00e9 de l'UE\/EEE peuvent b\u00e9n\u00e9ficier de nos services.<\/p>\n<\/dd>\n                <\/dl>\n<\/div>\n<!-- \/faq_list -->\n\n\n\n\n\n\n<!-- cta_block -->\n<div id=\"cta-block_249aedf291b0210d6ecf9b3dbe9cbac9\" class=\"cta_block\">\n    <header>\n\t\t        <h2><strong>D\u00e9marrage<\/strong> Votre voyage avec Confidopay<\/h2>        <p>Pr\u00eat \u00e0 d\u00e9couvrir la libert\u00e9 de d\u00e9penser des crypto-monnaies sans effort ? Convertissez vos actifs num\u00e9riques en monnaie fiduciaire avec des frais quasi nuls et utilisez votre carte dans le monde entier. Inscrivez-vous en quelques minutes et lib\u00e9rez le v\u00e9ritable potentiel de votre crypto d\u00e8s aujourd'hui.<\/p>\n\t\t        <a class=\"button\" href=\"\/fr\/fees\/\" title=\"Obtenez votre carte\" target=\"\">Obtenez votre carte<\/a>    <\/header>\n\t<span class=\"card_additional_text\"> *The final design of the card may be different.<\/span>    <div class=\"get_it_on\"><h4>Le faire sur<\/h4><ul><li><a href=\"\/fr\/\"><img decoding=\"async\" width=\"244\" height=\"72\" loading=\"lazy\" src=\"https:\/\/confidopay.rekoswebs.eu\/wp-content\/uploads\/2025\/08\/google_play.png\" alt=\"\" \/><\/a><\/li><li><a href=\"\/fr\/\"><img decoding=\"async\" width=\"240\" height=\"72\" loading=\"lazy\" src=\"https:\/\/confidopay.rekoswebs.eu\/wp-content\/uploads\/2025\/08\/app_store.png\" alt=\"\" \/><\/a><\/li><\/ul><\/div><\/div>\n<!-- \/cta_block -->","protected":false},"excerpt":{"rendered":"<p>Pricing That Puts You First We believe in transparency and fairness. Our pricing is designed to give you the best value while unlocking the true power of your crypto.<\/p>","protected":false},"author":1,"featured_media":0,"parent":0,"menu_order":0,"comment_status":"closed","ping_status":"closed","template":"","meta":{"_acf_changed":false,"footnotes":""},"class_list":["post-12","page","type-page","status-publish","hentry"],"acf":[],"_links":{"self":[{"href":"https:\/\/confidopay.rekoswebs.eu\/fr\/wp-json\/wp\/v2\/pages\/12","targetHints":{"allow":["GET"]}}],"collection":[{"href":"https:\/\/confidopay.rekoswebs.eu\/fr\/wp-json\/wp\/v2\/pages"}],"about":[{"href":"https:\/\/confidopay.rekoswebs.eu\/fr\/wp-json\/wp\/v2\/types\/page"}],"author":[{"embeddable":true,"href":"https:\/\/confidopay.rekoswebs.eu\/fr\/wp-json\/wp\/v2\/users\/1"}],"replies":[{"embeddable":true,"href":"https:\/\/confidopay.rekoswebs.eu\/fr\/wp-json\/wp\/v2\/comments?post=12"}],"version-history":[{"count":1,"href":"https:\/\/confidopay.rekoswebs.eu\/fr\/wp-json\/wp\/v2\/pages\/12\/revisions"}],"predecessor-version":[{"id":335,"href":"https:\/\/confidopay.rekoswebs.eu\/fr\/wp-json\/wp\/v2\/pages\/12\/revisions\/335"}],"wp:attachment":[{"href":"https:\/\/confidopay.rekoswebs.eu\/fr\/wp-json\/wp\/v2\/media?parent=12"}],"curies":[{"name":"wp","href":"https:\/\/api.w.org\/{rel}","templated":true}]}}