{"id":12,"date":"2025-08-19T08:27:10","date_gmt":"2025-08-19T08:27:10","guid":{"rendered":"https:\/\/localhost\/wordpress\/?page_id=12"},"modified":"2025-11-04T12:23:06","modified_gmt":"2025-11-04T12:23:06","slug":"fees","status":"publish","type":"page","link":"https:\/\/confidopay.rekoswebs.eu\/es\/fees\/","title":{"rendered":"Tarifas"},"content":{"rendered":"<h1 class=\"wp-block-heading has-text-align-center\">Precios que le dan prioridad<\/h1>\n\n\n\n<p class=\"has-text-align-center\">Creemos en la transparencia y la equidad. Nuestros precios est\u00e1n dise\u00f1ados para ofrecerle el mejor valor mientras desbloquea el verdadero poder de su cripto.<\/p>\n\n\n\n<div class=\"wp-block-buttons is-content-justification-center is-layout-flex wp-container-core-buttons-is-layout-16018d1d wp-block-buttons-is-layout-flex\">\n<div class=\"wp-block-button\"><a class=\"wp-block-button__link wp-element-button\" href=\"\/es\/contacts\/\">Obtenga su tarjeta<\/a><\/div>\n<\/div>\n\n\n\n\n\n\n<!-- cards_list -->\n<div id=\"cards-block_46ccb1d7295f6319015bfba6a26ce16d\" class=\"cards_list\">\n    <ul>\n                    <li>\n                <h2 title=\"Cripto\">Cripto<\/h2>                <p>Comisi\u00f3n de cambio de criptomonedas<strong>0,1% + 1 EUR<\/strong><\/p>\n                <p>Crypto Withdrawal Fee*<strong>0,1% + 1 EUR<\/strong><\/p>\n                <p>Tasa de dep\u00f3sito de criptomonedas<strong>0,1% + 1 EUR<\/strong><\/p>                <footer>*This fee is in addition to the network-fee-based fee collected by Our third-party provider.<\/footer>            <\/li>\n                    <li>\n                <h2 title=\"Banca\">Banca<\/h2>                <p>Transferencia bancaria<strong>0,1% + 1 EUR<\/strong><\/p>\n                <p>Transferencia bancaria<strong>0,1% + 1 EUR<\/strong><\/p>\n                                            <\/li>\n                    <li>\n                <h2 title=\"Tarjetas\">Tarjetas<\/h2>                <p>Creaci\u00f3n de tarjetas f\u00edsicas<strong>0 EUR<\/strong><\/p>\n                <p>Creaci\u00f3n de tarjetas virtuales<strong>0 EUR<\/strong><\/p>\n                                            <\/li>\n            <\/ul>\n<\/div>\n<!-- \/cards_list -->\n\n\n\n\n\n\n<!-- faq_list -->\n<div id=\"faq-block_f93a4882f9c053f81d9bf76410eae61d\" class=\"faq_list\">\n    <header>\n        <h2 title=\"Preguntas m\u00e1s frecuentes (FAQ)\">Preguntas m\u00e1s frecuentes (FAQ)<\/h2>        <p>Entendemos que tenga preguntas sobre el uso de nuestra innovadora tarjeta de d\u00e9bito criptogr\u00e1fica. Estamos aqu\u00ed para ofrecer respuestas claras, concisas y fiables basadas en nuestros procesos operativos y caracter\u00edsticas.<\/p>\n    <\/header>\n    <dl>\n                        <dt><h3 class=\"is-style-alt\">\u00bfQu\u00e9 es exactamente la tarjeta Confidopay y c\u00f3mo funciona?<\/h3><div class=\"plusminus\"><\/div><\/dt>\n            <dd>\n<p>Confidopay es una soluci\u00f3n de tarjeta de d\u00e9bito de criptomoneda que le permite convertir sin problemas su criptomoneda en moneda fiduciaria para el gasto diario. Utilizando API avanzadas y protocolos de transacci\u00f3n seguros, nuestra plataforma facilita conversiones casi instant\u00e1neas en el punto de venta o retirada. Esto significa que puede utilizar sus criptoactivos como moneda tradicional en cualquier lugar del mundo donde se acepten tarjetas de d\u00e9bito. Nuestro sistema funciona con un modelo de intercambio en tiempo real, lo que garantiza que reciba el valor de mercado actual por sus criptoconversiones, con unas comisiones transparentes y m\u00ednimas, tal y como se detalla en nuestra estructura de comisiones.<\/p>\n<\/dd>\n                    <dt><h3 class=\"is-style-alt\">\u00bfSon seguras mis transacciones con Confidopay?<\/h3><div class=\"plusminus\"><\/div><\/dt>\n            <dd>\n<p>S\u00ed, la seguridad es nuestra principal preocupaci\u00f3n. Empleamos protocolos de encriptaci\u00f3n y autenticaci\u00f3n multifactor de \u00faltima generaci\u00f3n para proteger sus fondos e informaci\u00f3n personal. Todas las transacciones se procesan a trav\u00e9s de sistemas que cumplen la normativa PCI DSS. Adem\u00e1s, proporcionamos seguimiento de las transacciones en tiempo real y notificaciones instant\u00e1neas para ayudarle a mantenerse informado de la actividad de su cuenta. Este s\u00f3lido marco de seguridad garantiza la m\u00e1xima seguridad para sus activos digitales e interacciones financieras.<\/p>\n<\/dd>\n                    <dt><h3 class=\"is-style-alt\">\u00bfCu\u00e1les son las comisiones asociadas al uso de la tarjeta Confidopay?<\/h3><div class=\"plusminus\"><\/div><\/dt>\n            <dd>\n<p>Estamos orgullosos de nuestra transparencia. Nuestra estructura de comisiones est\u00e1 dise\u00f1ada para ser sencilla y m\u00ednima, asegurando que usted retiene el m\u00e1ximo valor de sus criptoactivos. Como est\u00e1 documentado, cobramos una comisi\u00f3n de 0,1% + 1 EUR por intercambios, retiradas, dep\u00f3sitos y transferencias bancarias de criptomonedas. En particular, la creaci\u00f3n de tarjetas virtuales y f\u00edsicas es gratuita. Estas comisiones se ajustan a los est\u00e1ndares del sector para el intercambio de activos digitales y el procesamiento de transacciones. Revisamos y optimizamos continuamente nuestra estructura de comisiones para ofrecer las tarifas m\u00e1s competitivas.<\/p>\n<\/dd>\n                    <dt><h3 class=\"is-style-alt\">\u00bfPuedo utilizar la tarjeta Confidopay en el extranjero?<\/h3><div class=\"plusminus\"><\/div><\/dt>\n            <dd>\n<p>Por supuesto. Nuestra tarjeta se acepta en millones de establecimientos de todo el mundo en los que se aceptan tarjetas de d\u00e9bito. Esta aceptaci\u00f3n global se facilita a trav\u00e9s de nuestra integraci\u00f3n con las principales redes de pago. Ya sea que est\u00e9 comprando en l\u00ednea, cenando fuera o retirando dinero de un cajero autom\u00e1tico, puede confiar en Confidopay para realizar transacciones internacionales sin problemas.<\/p>\n<\/dd>\n                    <dt><h3 class=\"is-style-alt\">\u00bfC\u00f3mo elijo entre la tarjeta Confidopay virtual y la f\u00edsica?<\/h3><div class=\"plusminus\"><\/div><\/dt>\n            <dd>\n<p>La elecci\u00f3n depende de sus necesidades y preferencias individuales. Nuestra tarjeta virtual es ideal para compras seguras en l\u00ednea y transacciones digitales, ya que ofrece activaci\u00f3n instant\u00e1nea e integraci\u00f3n con monederos digitales como Google Wallet y Apple Wallet. La tarjeta f\u00edsica ofrece una mayor versatilidad para los gastos cotidianos, las retiradas en cajeros autom\u00e1ticos y los pagos \"toque y siga\", as\u00ed como para la integraci\u00f3n con monederos m\u00f3viles. Puede obtener ambas tarjetas y gestionarlas desde la misma cuenta para una mayor flexibilidad de gasto.<\/p>\n<\/dd>\n                    <dt><h3 class=\"is-style-alt\">\u00bfCon qu\u00e9 rapidez puedo acceder a mi tarjeta y utilizarla despu\u00e9s de inscribirme?<\/h3><div class=\"plusminus\"><\/div><\/dt>\n            <dd>\n<p>Nuestro proceso de incorporaci\u00f3n est\u00e1 dise\u00f1ado para ser r\u00e1pido y eficaz. Tras registrarse y verificar su cuenta, podr\u00e1 acceder inmediatamente a su tarjeta virtual y empezar a utilizarla. La tarjeta f\u00edsica puede solicitarse y se entregar\u00e1 seg\u00fan los plazos de env\u00edo est\u00e1ndar. Nuestra plataforma facilita la vinculaci\u00f3n inmediata de su tarjeta a su divisa preferida y a sus monederos de criptomonedas, lo que permite realizar transacciones casi instant\u00e1neas.<\/p>\n<\/dd>\n                    <dt><h3 class=\"is-style-alt\">\u00bfQu\u00e9 divisas admite la tarjeta Confidopay?<\/h3><div class=\"plusminus\"><\/div><\/dt>\n            <dd>\n<p>Confidopay actualmente soporta las siguientes criptomonedas: Bitcoin. Bitcoin en Lightning Network. Ethereum. USDC en Ethereum (ERC20). USDC en Polygon (ERC20). BNB en BNB Smart Chain. Estamos trabajando activamente para ampliar el n\u00famero de criptomonedas admitidas, con el fin de ofrecer a\u00fan m\u00e1s flexibilidad y opciones a nuestros usuarios.<\/p>\n<\/dd>\n                    <dt><h3 class=\"is-style-alt\">\u00bfQu\u00e9 pa\u00edses pueden utilizar la tarjeta Confidopay?<\/h3><div class=\"plusminus\"><\/div><\/dt>\n            <dd>\n<p>La tarjeta Confidopay est\u00e1 actualmente disponible para los residentes de los siguientes pa\u00edses: Alemania, Austria, B\u00e9lgica, Bulgaria, Croacia, Dinamarca, Eslovaquia, Eslovenia, Espa\u00f1a, Estonia, Finlandia, Francia, Grecia, Hungr\u00eda, Irlanda, Italia, Letonia, Lituania, Luxemburgo, Malta, Pa\u00edses Bajos, Polonia, Portugal, Rep\u00fablica Checa, Ruman\u00eda y Suecia. Estamos trabajando activamente para ampliar nuestra disponibilidad a otras regiones en el futuro.<\/p>\n<\/dd>\n                    <dt><h3 class=\"is-style-alt\">\u00bfCu\u00e1les son los l\u00edmites de gasto de la tarjeta Confidopay?<\/h3><div class=\"plusminus\"><\/div><\/dt>\n            <dd>\n<p>Para el nivel Starter, los l\u00edmites de gasto son 7.500 euros al d\u00eda y 7.500 euros al mes. Podemos ofrecer diferentes niveles con distintos l\u00edmites en funci\u00f3n de la verificaci\u00f3n y el estado de la cuenta. Consulte la configuraci\u00f3n de su cuenta o p\u00f3ngase en contacto con nuestro equipo de asistencia para obtener informaci\u00f3n sobre posibles ajustes de los l\u00edmites.<\/p>\n<\/dd>\n                    <dt><h3 class=\"is-style-alt\">\u00bfQui\u00e9n puede beneficiarse de la tarjeta Confidopay?<\/h3><div class=\"plusminus\"><\/div><\/dt>\n            <dd>\n<p>Pueden solicitar la Tarjeta Confidopay las personas mayores de 18 a\u00f1os que hayan superado un proceso de verificaci\u00f3n de identidad, gestionado por nuestro socio de tarjetas, y sean residentes en los siguientes pa\u00edses: Alemania, Austria, B\u00e9lgica, Bulgaria, Chipre, Croacia, Dinamarca, Eslovaquia, Eslovenia, Espa\u00f1a, Estonia, Finlandia, Francia, Grecia, Hungr\u00eda, Irlanda, Italia, Letonia, Lituania, Luxemburgo, Malta, Pa\u00edses Bajos, Polonia, Portugal, Rep\u00fablica Checa, Ruman\u00eda y Suecia. Por motivos reglamentarios, actualmente no podemos ofrecer servicios a ciudadanos de los Estados Unidos de Am\u00e9rica y de la Federaci\u00f3n Rusa, independientemente de su residencia. Sin embargo, los ciudadanos de la Federaci\u00f3n Rusa que tambi\u00e9n posean la ciudadan\u00eda de la UE\/EEE pueden optar a nuestros servicios.<\/p>\n<\/dd>\n                <\/dl>\n<\/div>\n<!-- \/faq_list -->\n\n\n\n\n\n\n<!-- cta_block -->\n<div id=\"cta-block_249aedf291b0210d6ecf9b3dbe9cbac9\" class=\"cta_block\">\n    <header>\n\t\t        <h2><strong>Inicio<\/strong> Su viaje con Confidopay<\/h2>        <p>\u00bfListo para experimentar la libertad de gastar criptomonedas sin esfuerzo? Convierta sus activos digitales en dinero fiduciario con comisiones cercanas a cero y utilice su tarjeta en todo el mundo. Reg\u00edstrate en minutos y libera el verdadero potencial de tu cripto hoy mismo.<\/p>\n\t\t        <a class=\"button\" href=\"\/es\/fees\/\" title=\"Obtenga su tarjeta\" target=\"\">Obtenga su tarjeta<\/a>    <\/header>\n\t<span class=\"card_additional_text\"> *The final design of the card may be different.<\/span>    <div class=\"get_it_on\"><h4>P\u00f3ntelo<\/h4><ul><li><a href=\"\/es\/\"><img decoding=\"async\" width=\"244\" height=\"72\" loading=\"lazy\" src=\"https:\/\/confidopay.rekoswebs.eu\/wp-content\/uploads\/2025\/08\/google_play.png\" alt=\"\" \/><\/a><\/li><li><a href=\"\/es\/\"><img decoding=\"async\" width=\"240\" height=\"72\" loading=\"lazy\" src=\"https:\/\/confidopay.rekoswebs.eu\/wp-content\/uploads\/2025\/08\/app_store.png\" alt=\"\" \/><\/a><\/li><\/ul><\/div><\/div>\n<!-- \/cta_block -->","protected":false},"excerpt":{"rendered":"<p>Pricing That Puts You First We believe in transparency and fairness. Our pricing is designed to give you the best value while unlocking the true power of your crypto.<\/p>","protected":false},"author":1,"featured_media":0,"parent":0,"menu_order":0,"comment_status":"closed","ping_status":"closed","template":"","meta":{"_acf_changed":false,"footnotes":""},"class_list":["post-12","page","type-page","status-publish","hentry"],"acf":[],"_links":{"self":[{"href":"https:\/\/confidopay.rekoswebs.eu\/es\/wp-json\/wp\/v2\/pages\/12","targetHints":{"allow":["GET"]}}],"collection":[{"href":"https:\/\/confidopay.rekoswebs.eu\/es\/wp-json\/wp\/v2\/pages"}],"about":[{"href":"https:\/\/confidopay.rekoswebs.eu\/es\/wp-json\/wp\/v2\/types\/page"}],"author":[{"embeddable":true,"href":"https:\/\/confidopay.rekoswebs.eu\/es\/wp-json\/wp\/v2\/users\/1"}],"replies":[{"embeddable":true,"href":"https:\/\/confidopay.rekoswebs.eu\/es\/wp-json\/wp\/v2\/comments?post=12"}],"version-history":[{"count":1,"href":"https:\/\/confidopay.rekoswebs.eu\/es\/wp-json\/wp\/v2\/pages\/12\/revisions"}],"predecessor-version":[{"id":335,"href":"https:\/\/confidopay.rekoswebs.eu\/es\/wp-json\/wp\/v2\/pages\/12\/revisions\/335"}],"wp:attachment":[{"href":"https:\/\/confidopay.rekoswebs.eu\/es\/wp-json\/wp\/v2\/media?parent=12"}],"curies":[{"name":"wp","href":"https:\/\/api.w.org\/{rel}","templated":true}]}}