{"id":12,"date":"2025-08-19T08:27:10","date_gmt":"2025-08-19T08:27:10","guid":{"rendered":"https:\/\/localhost\/wordpress\/?page_id=12"},"modified":"2025-11-04T12:23:06","modified_gmt":"2025-11-04T12:23:06","slug":"fees","status":"publish","type":"page","link":"https:\/\/confidopay.rekoswebs.eu\/cs\/fees\/","title":{"rendered":"Poplatky"},"content":{"rendered":"<h1 class=\"wp-block-heading has-text-align-center\">Ceny, kter\u00e9 v\u00e1s stav\u00ed na prvn\u00ed m\u00edsto<\/h1>\n\n\n\n<p class=\"has-text-align-center\">V\u011b\u0159\u00edme v transparentnost a spravedlnost. Na\u0161e ceny jsou navr\u017eeny tak, aby v\u00e1m poskytly nejlep\u0161\u00ed hodnotu a z\u00e1rove\u0148 odemkly skute\u010dnou s\u00edlu va\u0161\u00ed kryptografie.<\/p>\n\n\n\n<div class=\"wp-block-buttons is-content-justification-center is-layout-flex wp-container-core-buttons-is-layout-16018d1d wp-block-buttons-is-layout-flex\">\n<div class=\"wp-block-button\"><a class=\"wp-block-button__link wp-element-button\" href=\"\/cs\/contacts\/\">Z\u00edskejte svou kartu<\/a><\/div>\n<\/div>\n\n\n\n\n\n\n<!-- cards_list -->\n<div id=\"cards-block_46ccb1d7295f6319015bfba6a26ce16d\" class=\"cards_list\">\n    <ul>\n                    <li>\n                <h2 title=\"Crypto\">Crypto<\/h2>                <p>Poplatek za kryptografickou v\u00fdm\u011bnu<strong>0,1% + 1 EUR<\/strong><\/p>\n                <p>Crypto Withdrawal Fee*<strong>0,1% + 1 EUR<\/strong><\/p>\n                <p>Poplatek za kryptografick\u00fd vklad<strong>0,1% + 1 EUR<\/strong><\/p>                <footer>*This fee is in addition to the network-fee-based fee collected by Our third-party provider.<\/footer>            <\/li>\n                    <li>\n                <h2 title=\"Bankovnictv\u00ed\">Bankovnictv\u00ed<\/h2>                <p>Bankovn\u00ed p\u0159evod<strong>0,1% + 1 EUR<\/strong><\/p>\n                <p>Bankovn\u00ed p\u0159evod ven<strong>0,1% + 1 EUR<\/strong><\/p>\n                                            <\/li>\n                    <li>\n                <h2 title=\"Karty\">Karty<\/h2>                <p>Vytvo\u0159en\u00ed fyzick\u00e9 karty<strong>0 EUR<\/strong><\/p>\n                <p>Vytvo\u0159en\u00ed virtu\u00e1ln\u00ed karty<strong>0 EUR<\/strong><\/p>\n                                            <\/li>\n            <\/ul>\n<\/div>\n<!-- \/cards_list -->\n\n\n\n\n\n\n<!-- faq_list -->\n<div id=\"faq-block_f93a4882f9c053f81d9bf76410eae61d\" class=\"faq_list\">\n    <header>\n        <h2 title=\"\u010casto kladen\u00e9 ot\u00e1zky (FAQ)\">\u010casto kladen\u00e9 ot\u00e1zky (FAQ)<\/h2>        <p>Ch\u00e1peme, \u017ee m\u00e1te ot\u00e1zky ohledn\u011b pou\u017e\u00edv\u00e1n\u00ed na\u0161\u00ed inovativn\u00ed kryptografick\u00e9 debetn\u00ed karty. Jsme zde, abychom v\u00e1m poskytli jasn\u00e9, stru\u010dn\u00e9 a d\u016fv\u011bryhodn\u00e9 odpov\u011bdi zalo\u017een\u00e9 na na\u0161ich provozn\u00edch procesech a funkc\u00edch.<\/p>\n    <\/header>\n    <dl>\n                        <dt><h3 class=\"is-style-alt\">Co p\u0159esn\u011b je karta Confidopay a jak funguje?<\/h3><div class=\"plusminus\"><\/div><\/dt>\n            <dd>\n<p>Confidopay je \u0159e\u0161en\u00ed kryptografick\u00e9 debetn\u00ed karty, kter\u00e9 v\u00e1m umo\u017en\u00ed bezprobl\u00e9movou konverzi kryptom\u011bn na fiat m\u011bnu pro ka\u017edodenn\u00ed v\u00fddaje. D\u00edky vyu\u017eit\u00ed pokro\u010dil\u00fdch rozhran\u00ed API a bezpe\u010dn\u00fdch transak\u010dn\u00edch protokol\u016f na\u0161e platforma usnad\u0148uje t\u00e9m\u011b\u0159 okam\u017eit\u00e9 konverze v m\u00edst\u011b prodeje nebo v\u00fdb\u011bru. To znamen\u00e1, \u017ee sv\u00e1 kryptoaktivita m\u016f\u017eete pou\u017e\u00edvat jako tradi\u010dn\u00ed m\u011bnu kdekoli na sv\u011bt\u011b, kde jsou p\u0159ij\u00edm\u00e1ny debetn\u00ed karty. N\u00e1\u0161 syst\u00e9m funguje na modelu sm\u011bny v re\u00e1ln\u00e9m \u010dase, kter\u00fd zaji\u0161\u0165uje, \u017ee za sv\u00e9 kryptokonverze obdr\u017e\u00edte aktu\u00e1ln\u00ed tr\u017en\u00ed hodnotu, a to s transparentn\u00edmi a minim\u00e1ln\u00edmi poplatky, jak je podrobn\u011b pops\u00e1no v na\u0161\u00ed struktu\u0159e poplatk\u016f.<\/p>\n<\/dd>\n                    <dt><h3 class=\"is-style-alt\">Jsou m\u00e9 transakce s Confidopay bezpe\u010dn\u00e9?<\/h3><div class=\"plusminus\"><\/div><\/dt>\n            <dd>\n<p>Ano, bezpe\u010dnost je na\u0161\u00edm prvo\u0159ad\u00fdm z\u00e1jmem. K ochran\u011b va\u0161ich finan\u010dn\u00edch prost\u0159edk\u016f a osobn\u00edch \u00fadaj\u016f pou\u017e\u00edv\u00e1me nejmodern\u011bj\u0161\u00ed \u0161ifrov\u00e1n\u00ed a v\u00edcefaktorov\u00e9 ov\u011b\u0159ovac\u00ed protokoly. V\u0161echny transakce jsou zpracov\u00e1v\u00e1ny prost\u0159ednictv\u00edm syst\u00e9m\u016f vyhovuj\u00edc\u00edch standardu PCI DSS. Krom\u011b toho poskytujeme sledov\u00e1n\u00ed transakc\u00ed v re\u00e1ln\u00e9m \u010dase a okam\u017eit\u00e1 ozn\u00e1men\u00ed, kter\u00e1 v\u00e1m pomohou z\u016fstat informov\u00e1ni o aktivit\u011b na va\u0161em \u00fa\u010dtu. Tento robustn\u00ed bezpe\u010dnostn\u00ed r\u00e1mec je zaveden s c\u00edlem zajistit maxim\u00e1ln\u00ed bezpe\u010dnost va\u0161ich digit\u00e1ln\u00edch aktiv a finan\u010dn\u00edch interakc\u00ed.<\/p>\n<\/dd>\n                    <dt><h3 class=\"is-style-alt\">Jak\u00e9 jsou poplatky spojen\u00e9 s pou\u017e\u00edv\u00e1n\u00edm karty Confidopay?<\/h3><div class=\"plusminus\"><\/div><\/dt>\n            <dd>\n<p>Zakl\u00e1d\u00e1me si na transparentnosti. Na\u0161e struktura poplatk\u016f je navr\u017eena tak, aby byla jednoduch\u00e1 a minim\u00e1ln\u00ed, a zajistila v\u00e1m maxim\u00e1ln\u00ed hodnotu va\u0161ich kryptoaktiv. Jak je zdokumentov\u00e1no, \u00fa\u010dtujeme poplatek 0,1% + 1 EUR za krypto sm\u011bny, v\u00fdb\u011bry, vklady a bankovn\u00ed p\u0159evody. Pozoruhodn\u00e9 je, \u017ee vytvo\u0159en\u00ed virtu\u00e1ln\u00edch i fyzick\u00fdch karet je zdarma. Tyto poplatky jsou v souladu s pr\u016fmyslov\u00fdmi standardy pro v\u00fdm\u011bnu digit\u00e1ln\u00edch aktiv a zpracov\u00e1n\u00ed transakc\u00ed. Na\u0161i strukturu poplatk\u016f pr\u016fb\u011b\u017en\u011b revidujeme a optimalizujeme, abychom poskytovali co nejkonkurenceschopn\u011bj\u0161\u00ed sazby.<\/p>\n<\/dd>\n                    <dt><h3 class=\"is-style-alt\">Mohu kartu Confidopay pou\u017e\u00edvat v zahrani\u010d\u00ed?<\/h3><div class=\"plusminus\"><\/div><\/dt>\n            <dd>\n<p>Rozhodn\u011b. Na\u0161e karta je p\u0159ij\u00edm\u00e1na na milionech m\u00edst po cel\u00e9m sv\u011bt\u011b, kde jsou debetn\u00ed karty uzn\u00e1v\u00e1ny. Toto celosv\u011btov\u00e9 p\u0159ij\u00edm\u00e1n\u00ed je umo\u017en\u011bno d\u00edky na\u0161\u00ed integraci s hlavn\u00edmi platebn\u00edmi s\u00edt\u011bmi. A\u0165 u\u017e nakupujete online, chod\u00edte na ve\u010de\u0159i nebo vyb\u00edr\u00e1te hotovost z bankomatu, na Confidopay se m\u016f\u017eete spolehnout, \u017ee v\u00e1m zajist\u00ed bezprobl\u00e9mov\u00e9 mezin\u00e1rodn\u00ed transakce.<\/p>\n<\/dd>\n                    <dt><h3 class=\"is-style-alt\">Jak si mohu vybrat mezi virtu\u00e1ln\u00ed a fyzickou kartou Confidopay?<\/h3><div class=\"plusminus\"><\/div><\/dt>\n            <dd>\n<p>V\u00fdb\u011br z\u00e1vis\u00ed na va\u0161ich individu\u00e1ln\u00edch pot\u0159eb\u00e1ch a preferenc\u00edch. Na\u0161e virtu\u00e1ln\u00ed karta je ide\u00e1ln\u00ed pro bezpe\u010dn\u00e9 online nakupov\u00e1n\u00ed a digit\u00e1ln\u00ed transakce, poskytuje okam\u017eitou aktivaci a integraci s digit\u00e1ln\u00edmi pen\u011b\u017eenkami, jako jsou Google Wallet a Apple Wallet. Fyzick\u00e1 karta nab\u00edz\u00ed \u0161ir\u0161\u00ed v\u0161estrannost pro ka\u017edodenn\u00ed v\u00fddaje, v\u00fdb\u011bry z bankomat\u016f a platby \"tap-and-go\" a tak\u00e9 integraci s mobiln\u00ed pen\u011b\u017eenkou. M\u016f\u017eete z\u00edskat ob\u011b karty a spravovat je v r\u00e1mci jednoho \u00fa\u010dtu, \u010d\u00edm\u017e z\u00edsk\u00e1te komplexn\u00ed flexibilitu v\u00fddaj\u016f.<\/p>\n<\/dd>\n                    <dt><h3 class=\"is-style-alt\">Jak rychle m\u00e1m po registraci p\u0159\u00edstup ke kart\u011b a jak ji mohu pou\u017e\u00edvat?<\/h3><div class=\"plusminus\"><\/div><\/dt>\n            <dd>\n<p>N\u00e1\u0161 proces n\u00e1stupu je navr\u017een tak, aby byl rychl\u00fd a efektivn\u00ed. Po registraci a ov\u011b\u0159en\u00ed \u00fa\u010dtu m\u016f\u017eete okam\u017eit\u011b z\u00edskat p\u0159\u00edstup ke sv\u00e9 virtu\u00e1ln\u00ed kart\u011b a za\u010d\u00edt ji pou\u017e\u00edvat. Fyzickou kartu si m\u016f\u017eete objednat a bude v\u00e1m doru\u010dena podle standardn\u00edch dodac\u00edch lh\u016ft. Na\u0161e platforma usnad\u0148uje okam\u017eit\u00e9 propojen\u00ed va\u0161\u00ed karty s preferovanou m\u011bnou a kryptopen\u011b\u017eenkami, co\u017e umo\u017e\u0148uje t\u00e9m\u011b\u0159 okam\u017eit\u00e9 transakce.<\/p>\n<\/dd>\n                    <dt><h3 class=\"is-style-alt\">Jak\u00e9 m\u011bny podporuje karta Confidopay?<\/h3><div class=\"plusminus\"><\/div><\/dt>\n            <dd>\n<p>Confidopay v sou\u010dasn\u00e9 dob\u011b podporuje n\u00e1sleduj\u00edc\u00ed kryptom\u011bny: Bitcoin. Bitcoin na Lightning Network. Ethereum. USDC na platform\u011b Ethereum (ERC20). USDC na Polygonu (ERC20). BNB na inteligentn\u00edm \u0159et\u011bzci BNB. Aktivn\u011b pracujeme na roz\u0161\u00ed\u0159en\u00ed podporovan\u00fdch kryptom\u011bn, abychom na\u0161im u\u017eivatel\u016fm poskytli je\u0161t\u011b v\u011bt\u0161\u00ed flexibilitu a mo\u017enost v\u00fdb\u011bru.<\/p>\n<\/dd>\n                    <dt><h3 class=\"is-style-alt\">Ve kter\u00fdch zem\u00edch lze kartu Confidopay pou\u017e\u00edvat?<\/h3><div class=\"plusminus\"><\/div><\/dt>\n            <dd>\n<p>Karta Confidopay je v sou\u010dasn\u00e9 dob\u011b dostupn\u00e1 pro obyvatele n\u00e1sleduj\u00edc\u00edch zem\u00ed: Belgie, Bulharska, \u010cesk\u00e9 republiky, D\u00e1nska, Estonska, Finska, Francie, Chorvatska, Irska, It\u00e1lie, Kypru, Litvy, Loty\u0161ska, Lucemburska, Ma\u010farska, Malty, N\u011bmecka, Nizozemska, Polska, Portugalska, Rakouska, Rumunska, \u0158ecka, Slovenska, Slovinska, \u0160pan\u011blska a \u0160v\u00e9dska. V budoucnu aktivn\u011b pracujeme na roz\u0161\u00ed\u0159en\u00ed dostupnosti do dal\u0161\u00edch region\u016f.<\/p>\n<\/dd>\n                    <dt><h3 class=\"is-style-alt\">Jak\u00e9 jsou limity v\u00fddaj\u016f pro kartu Confidopay?<\/h3><div class=\"plusminus\"><\/div><\/dt>\n            <dd>\n<p>Limity v\u00fddaj\u016f pro \u00farove\u0148 Starter jsou 7 500 EUR denn\u011b a 7 500 EUR m\u011bs\u00ed\u010dn\u011b. V z\u00e1vislosti na ov\u011b\u0159en\u00ed a stavu \u00fa\u010dtu m\u016f\u017eeme nab\u00edzet r\u016fzn\u00e9 \u00farovn\u011b s r\u016fzn\u00fdmi limity. Informace o p\u0159\u00edpadn\u00fdch \u00faprav\u00e1ch limit\u016f naleznete v nastaven\u00ed sv\u00e9ho \u00fa\u010dtu nebo se obra\u0165te na n\u00e1\u0161 t\u00fdm podpory.<\/p>\n<\/dd>\n                    <dt><h3 class=\"is-style-alt\">Kdo m\u00e1 n\u00e1rok na kartu Confidopay?<\/h3><div class=\"plusminus\"><\/div><\/dt>\n            <dd>\n<p>O kartu Confidopay mohou po\u017e\u00e1dat osoby star\u0161\u00ed 18 let, kter\u00e9 pro\u0161ly procesem ov\u011b\u0159en\u00ed toto\u017enosti, kter\u00fd je \u0159\u00edzen na\u0161\u00edm partnerem pro karty, a maj\u00ed trval\u00fd pobyt v n\u00e1sleduj\u00edc\u00edch zem\u00edch: Belgie, Bulharsko, \u010cesk\u00e1 republika, D\u00e1nsko, Estonsko, Finsko, Francie, Chorvatsko, Irsko, It\u00e1lie, Kypr, Litva, Loty\u0161sko, Lucembursko, Ma\u010farsko, Malta, N\u011bmecko, Nizozemsko, Polsko, Portugalsko, Rakousko, Rumunsko, \u0158ecko, Slovensko, Slovinsko, \u0160pan\u011blsko a \u0160v\u00e9dsko. Z regula\u010dn\u00edch d\u016fvod\u016f v sou\u010dasn\u00e9 dob\u011b nem\u016f\u017eeme nab\u00edzet slu\u017eby ob\u010dan\u016fm Spojen\u00fdch st\u00e1t\u016f americk\u00fdch a Rusk\u00e9 federace bez ohledu na jejich bydli\u0161t\u011b. Ob\u010dan\u00e9 Rusk\u00e9 federace, kte\u0159\u00ed maj\u00ed z\u00e1rove\u0148 ob\u010danstv\u00ed EU\/EHP, v\u0161ak mohou na\u0161e slu\u017eby vyu\u017e\u00edvat.<\/p>\n<\/dd>\n                <\/dl>\n<\/div>\n<!-- \/faq_list -->\n\n\n\n\n\n\n<!-- cta_block -->\n<div id=\"cta-block_249aedf291b0210d6ecf9b3dbe9cbac9\" class=\"cta_block\">\n    <header>\n\t\t        <h2><strong>Start<\/strong> Va\u0161e cesta s Confidopay<\/h2>        <p>Jste p\u0159ipraveni za\u017e\u00edt svobodu bez n\u00e1mahy p\u0159i utr\u00e1cen\u00ed za kryptom\u011bny? P\u0159eve\u010fte sv\u00e1 digit\u00e1ln\u00ed aktiva na fiat s t\u00e9m\u011b\u0159 nulov\u00fdmi poplatky a pou\u017e\u00edvejte svou kartu po cel\u00e9m sv\u011bt\u011b. Zaregistrujte se b\u011bhem n\u011bkolika minut a odemkn\u011bte skute\u010dn\u00fd potenci\u00e1l sv\u00fdch kryptom\u011bn je\u0161t\u011b dnes.<\/p>\n\t\t        <a class=\"button\" href=\"\/cs\/fees\/\" title=\"Z\u00edskejte svou kartu\" target=\"\">Z\u00edskejte svou kartu<\/a>    <\/header>\n\t<span class=\"card_additional_text\"> *The final design of the card may be different.<\/span>    <div class=\"get_it_on\"><h4>Z\u00edskejte ji<\/h4><ul><li><a href=\"\/cs\/\"><img decoding=\"async\" width=\"244\" height=\"72\" loading=\"lazy\" src=\"https:\/\/confidopay.rekoswebs.eu\/wp-content\/uploads\/2025\/08\/google_play.png\" alt=\"\" \/><\/a><\/li><li><a href=\"\/cs\/\"><img decoding=\"async\" width=\"240\" height=\"72\" loading=\"lazy\" src=\"https:\/\/confidopay.rekoswebs.eu\/wp-content\/uploads\/2025\/08\/app_store.png\" alt=\"\" \/><\/a><\/li><\/ul><\/div><\/div>\n<!-- \/cta_block -->","protected":false},"excerpt":{"rendered":"<p>Pricing That Puts You First We believe in transparency and fairness. Our pricing is designed to give you the best value while unlocking the true power of your crypto.<\/p>","protected":false},"author":1,"featured_media":0,"parent":0,"menu_order":0,"comment_status":"closed","ping_status":"closed","template":"","meta":{"_acf_changed":false,"footnotes":""},"class_list":["post-12","page","type-page","status-publish","hentry"],"acf":[],"_links":{"self":[{"href":"https:\/\/confidopay.rekoswebs.eu\/cs\/wp-json\/wp\/v2\/pages\/12","targetHints":{"allow":["GET"]}}],"collection":[{"href":"https:\/\/confidopay.rekoswebs.eu\/cs\/wp-json\/wp\/v2\/pages"}],"about":[{"href":"https:\/\/confidopay.rekoswebs.eu\/cs\/wp-json\/wp\/v2\/types\/page"}],"author":[{"embeddable":true,"href":"https:\/\/confidopay.rekoswebs.eu\/cs\/wp-json\/wp\/v2\/users\/1"}],"replies":[{"embeddable":true,"href":"https:\/\/confidopay.rekoswebs.eu\/cs\/wp-json\/wp\/v2\/comments?post=12"}],"version-history":[{"count":1,"href":"https:\/\/confidopay.rekoswebs.eu\/cs\/wp-json\/wp\/v2\/pages\/12\/revisions"}],"predecessor-version":[{"id":335,"href":"https:\/\/confidopay.rekoswebs.eu\/cs\/wp-json\/wp\/v2\/pages\/12\/revisions\/335"}],"wp:attachment":[{"href":"https:\/\/confidopay.rekoswebs.eu\/cs\/wp-json\/wp\/v2\/media?parent=12"}],"curies":[{"name":"wp","href":"https:\/\/api.w.org\/{rel}","templated":true}]}}